{"id":518,"date":"2018-08-01T19:34:18","date_gmt":"2018-08-01T17:34:18","guid":{"rendered":"https:\/\/volcancito.webdesign-projekte.ch\/faq\/"},"modified":"2018-10-21T19:34:42","modified_gmt":"2018-10-21T17:34:42","slug":"faq","status":"publish","type":"page","link":"https:\/\/volcancito.webdesign-projekte.ch\/es\/faq\/","title":{"rendered":"FAQ"},"content":{"rendered":"<p><strong>Aqu\u00ed encontrar\u00e1 respuesta a las preguntas m\u00e1s frecuentes:<\/strong><\/p>\n<p><em><i>\u00bf<\/i>La comida es picante?<\/em><br \/>\nNo, solo muy pocos platillos con chile pican. En algunos platillos hay guarniciones picantes o no picantes, para que sus invitados puedan elegir.<\/p>\n<p><em>\u00bfLa comida latinoamericana de El Volcancito Catering tambi\u00e9n es apta para ni\u00f1os?<\/em><br \/>\nS\u00ed, perfectamente. Incluso a los ni\u00f1os m\u00e1s delicados le gustan las pupusas, los nachos, las enchiladas y otras especialidades.<\/p>\n<p><em>\u00bfPuedo encargar tambi\u00e9n bebidas y postres de El Volcancito Catering?<\/em><br \/>\nS\u00ed, aunque no es obligatorio. Elaboramos ofertas a medida bas\u00e1ndonos en las necesidades de nuestros clientes. Por eso puede encargarnos la organizaci\u00f3n completa de un evento, o tan solo determinados productos y servicios concretos. Adem\u00e1s, tambi\u00e9n puede recoger pedidos m\u00e1s peque\u00f1os en nuestras instalaciones.<\/p>\n<p><em>Me interesa, pero no conozco todos los platillos del men\u00fa. \u00bfPueden hacerme una propuesta?<\/em><br \/>\nCon mucho gusto le haremos una propuesta, basada en nuestra experiencia, que le encantar\u00e1 a sus invitados.<\/p>\n<p><em>\u00bfEs posible probar antes los platillos de El Volcancito?<\/em><br \/>\nDependiendo del tama\u00f1o y el tipo de evento, podemos ofrecerle algunos platillos como prueba de degustaci\u00f3n.<\/p>\n<p><em>\u00bfPueden organizar tambi\u00e9n m\u00fasica latinoamericana en vivo para nuestro evento?<\/em><br \/>\nCon mucho gusto le pondremos en contacto con m\u00fasicos de nuestro c\u00edrculo, o le ofreceremos un grupo con equipo para m\u00fasica en vivo.<\/p>\n<p><em>\u00bfLos platillos tambi\u00e9n son aptos para invitados musulmanes o jud\u00edos, vegetarianos, veganos o con alergias?<\/em><br \/>\nLa mayor\u00eda de las comidas son aptas para todo tipo de alimentaci\u00f3n. Le rogamos lo mencione en su consulta, para que podamos tenerlo en cuenta en nuestra oferta.<\/p>\n<p><em>\u00bfA partir de cu\u00e1ntas personas puedo realizar un pedido?<\/em><br \/>\nEl Volcancito Catering trabaja normalmente en eventos a partir de unas diez personas. Tambi\u00e9n es posible realizar pedidos m\u00e1s peque\u00f1os gracias a nuestro servicio de recolecci\u00f3n.<\/p>\n<p><em>\u00bfPueden organizar cumplea\u00f1os infantiles?<\/em><br \/>\nEn cumplea\u00f1os infantiles podemos ofrecer, adem\u00e1s de comidas y bebidas adecuadas, decoraci\u00f3n, tarta de cumplea\u00f1os, una magn\u00edfica cuidadora y, naturalmente, una pi\u00f1ata llena de dulces.<\/p>\n<p><em>\u00bfHasta qu\u00e9 distancia prestan sus servicios?<\/em><br \/>\nFacturamos el viaje de ida y vuelta con una tarifa por kil\u00f3metro, y hasta la fecha hemos trabajado en eventos en los cantones suizos de Z\u00farich, Thurgau, Schaffhausen, Aargau, Schwyz y Zug.<\/p>\n<p><em>Ya conozco casi todo. \u00bfPueden ofrecer otros platillos?<\/em><br \/>\nNaturalmente, tambi\u00e9n cocinamos otros platillos locales que no figuran en el men\u00fa por motivos de espacio, pero que ofrecemos con mucho gusto.<\/p>\n<p><em><strong>No dude en ponerse en <a href=\"https:\/\/volcancito.webdesign-projekte.ch\/es\/contacto\/\">contacto<\/a> con nosotros para solicitarnos m\u00e1s informaci\u00f3n.<\/strong><\/em><\/p>\n","protected":false},"excerpt":{"rendered":"<p>Aqu\u00ed encontrar\u00e1 respuesta a las preguntas m\u00e1s frecuentes: \u00bfLa comida es picante? No, solo muy pocos platillos con chile pican. En algunos platillos hay guarniciones picantes o no picantes, para que sus invitados puedan elegir. \u00bfLa comida latinoamericana de El Volcancito Catering tambi\u00e9n es apta para ni\u00f1os? S\u00ed, perfectamente. Incluso a los ni\u00f1os m\u00e1s delicados &#8230; <a title=\"FAQ\" class=\"read-more\" href=\"https:\/\/volcancito.webdesign-projekte.ch\/es\/faq\/\" aria-label=\"Leer m\u00e1s sobre FAQ\">Leer m\u00e1s<\/a><\/p>\n","protected":false},"author":2,"featured_media":0,"parent":0,"menu_order":0,"comment_status":"closed","ping_status":"closed","template":"","meta":{"footnotes":""},"class_list":["post-518","page","type-page","status-publish"],"_links":{"self":[{"href":"https:\/\/volcancito.webdesign-projekte.ch\/es\/wp-json\/wp\/v2\/pages\/518","targetHints":{"allow":["GET"]}}],"collection":[{"href":"https:\/\/volcancito.webdesign-projekte.ch\/es\/wp-json\/wp\/v2\/pages"}],"about":[{"href":"https:\/\/volcancito.webdesign-projekte.ch\/es\/wp-json\/wp\/v2\/types\/page"}],"author":[{"embeddable":true,"href":"https:\/\/volcancito.webdesign-projekte.ch\/es\/wp-json\/wp\/v2\/users\/2"}],"replies":[{"embeddable":true,"href":"https:\/\/volcancito.webdesign-projekte.ch\/es\/wp-json\/wp\/v2\/comments?post=518"}],"version-history":[{"count":3,"href":"https:\/\/volcancito.webdesign-projekte.ch\/es\/wp-json\/wp\/v2\/pages\/518\/revisions"}],"predecessor-version":[{"id":652,"href":"https:\/\/volcancito.webdesign-projekte.ch\/es\/wp-json\/wp\/v2\/pages\/518\/revisions\/652"}],"wp:attachment":[{"href":"https:\/\/volcancito.webdesign-projekte.ch\/es\/wp-json\/wp\/v2\/media?parent=518"}],"curies":[{"name":"wp","href":"https:\/\/api.w.org\/{rel}","templated":true}]}}