{"id":521,"date":"2018-08-05T09:51:46","date_gmt":"2018-08-05T07:51:46","guid":{"rendered":"https:\/\/volcancito.webdesign-projekte.ch\/hasta-la-fecha\/"},"modified":"2018-10-21T19:35:38","modified_gmt":"2018-10-21T17:35:38","slug":"hasta-la-fecha","status":"publish","type":"page","link":"https:\/\/volcancito.webdesign-projekte.ch\/es\/su-evento\/hasta-la-fecha\/","title":{"rendered":"Hasta la fecha"},"content":{"rendered":"<p>Desde su fundaci\u00f3n en 2015, El Volcancito Catering ha llevado a cabo con \u00e9xito docenas de eventos. Por ejemplo:<\/p>\n<ul>\n<li>M\u00e1s de 15 aperitivos para empresas en Winterthur, Z\u00farich, Weinland, Z\u00fcrcher Oberland y en el cant\u00f3n de Turgovia<\/li>\n<li>M\u00e1s de 35 fiestas de cumplea\u00f1os en Winterthur, Z\u00farich, D\u00fcbendorf, Andelfingen, Seuzach, K\u00fcssnacht SZ, St\u00e4fa, Thalwil, Cham, Baar, Luzern, Effretikon, Zollikon, K\u00fcsnacht ZH, Romanshorn, Rafz y Henggart<\/li>\n<li>Comida de Navidad en una cl\u00ednica privada de Z\u00farich<\/li>\n<li>Mercado de <em>street food<\/em> en Z\u00farich (2015 y 2016)<\/li>\n<li><em>Food market<\/em> en Z\u00farich (2015 y 2016)<\/li>\n<li>Inauguraci\u00f3n de escuela en Winterthur<\/li>\n<li>Inauguraci\u00f3n de filial en Oerlikon<\/li>\n<li>Fiesta de zumba en Winterthur<\/li>\n<li>Food Zurich Party en el Engrosmarkt de Z\u00farich<\/li>\n<li>Festival \u00abPoes\u00eda de Todo el Mundo\u00bb en Z\u00farich<\/li>\n<li>Inauguraci\u00f3n de exposici\u00f3n en Z\u00farich<\/li>\n<li>Aperitivo en representaci\u00f3n teatral en el museo M\u00fchlerama, Z\u00farich<\/li>\n<li>Aperitivos en el Instituto Latinoamericano de la Universidad de Z\u00farich<\/li>\n<li>Fiesta de pupusas en Winterthur<\/li>\n<\/ul>\n<p>Menci\u00f3n especial merece la inolvidable fiesta de inauguraci\u00f3n de El Volcancito Catering en el centro cultural Alte Kaserne de Winterthur, con m\u00e1s de 150 invitados de Winterthur y Z\u00farich. En aquella ocasi\u00f3n, <a href=\"https:\/\/volcancito.webdesign-projekte.ch\/wp-content\/uploads\/img001.jpg\" target=\"_blank\" rel=\"noopener\">donamos la mitad de los ingresos<\/a> a la asociaci\u00f3n salvadore\u00f1a de ayuda a la infancia <a href=\"http:\/\/asociacionlosangelitos.org\" target=\"_blank\" rel=\"noopener\">Los Angelitos<\/a>.<\/p>\n<p>En nuestro <a href=\"https:\/\/volcancito.webdesign-projekte.ch\/es\/menuekarte\/\">men\u00fa<\/a> puede ver los productos m\u00e1s populares. \u00bfEst\u00e1 planeando una celebraci\u00f3n? P\u00f3ngase <a href=\"https:\/\/volcancito.webdesign-projekte.ch\/es\/contacto\/\">en contacto<\/a> con nosotros y le presentaremos una oferta a su medida con el men\u00fa m\u00e1s adecuado.<\/p>\n","protected":false},"excerpt":{"rendered":"<p>Desde su fundaci\u00f3n en 2015, El Volcancito Catering ha llevado a cabo con \u00e9xito docenas de eventos. Por ejemplo: M\u00e1s de 15 aperitivos para empresas en Winterthur, Z\u00farich, Weinland, Z\u00fcrcher Oberland y en el cant\u00f3n de Turgovia M\u00e1s de 35 fiestas de cumplea\u00f1os en Winterthur, Z\u00farich, D\u00fcbendorf, Andelfingen, Seuzach, K\u00fcssnacht SZ, St\u00e4fa, Thalwil, Cham, Baar, &#8230; <a title=\"Hasta la fecha\" class=\"read-more\" href=\"https:\/\/volcancito.webdesign-projekte.ch\/es\/su-evento\/hasta-la-fecha\/\" aria-label=\"Leer m\u00e1s sobre Hasta la fecha\">Leer m\u00e1s<\/a><\/p>\n","protected":false},"author":2,"featured_media":0,"parent":533,"menu_order":0,"comment_status":"closed","ping_status":"closed","template":"","meta":{"footnotes":""},"class_list":["post-521","page","type-page","status-publish"],"_links":{"self":[{"href":"https:\/\/volcancito.webdesign-projekte.ch\/es\/wp-json\/wp\/v2\/pages\/521","targetHints":{"allow":["GET"]}}],"collection":[{"href":"https:\/\/volcancito.webdesign-projekte.ch\/es\/wp-json\/wp\/v2\/pages"}],"about":[{"href":"https:\/\/volcancito.webdesign-projekte.ch\/es\/wp-json\/wp\/v2\/types\/page"}],"author":[{"embeddable":true,"href":"https:\/\/volcancito.webdesign-projekte.ch\/es\/wp-json\/wp\/v2\/users\/2"}],"replies":[{"embeddable":true,"href":"https:\/\/volcancito.webdesign-projekte.ch\/es\/wp-json\/wp\/v2\/comments?post=521"}],"version-history":[{"count":4,"href":"https:\/\/volcancito.webdesign-projekte.ch\/es\/wp-json\/wp\/v2\/pages\/521\/revisions"}],"predecessor-version":[{"id":653,"href":"https:\/\/volcancito.webdesign-projekte.ch\/es\/wp-json\/wp\/v2\/pages\/521\/revisions\/653"}],"up":[{"embeddable":true,"href":"https:\/\/volcancito.webdesign-projekte.ch\/es\/wp-json\/wp\/v2\/pages\/533"}],"wp:attachment":[{"href":"https:\/\/volcancito.webdesign-projekte.ch\/es\/wp-json\/wp\/v2\/media?parent=521"}],"curies":[{"name":"wp","href":"https:\/\/api.w.org\/{rel}","templated":true}]}}