{"id":529,"date":"2018-08-05T10:31:00","date_gmt":"2018-08-05T08:31:00","guid":{"rendered":"https:\/\/volcancito.webdesign-projekte.ch\/lo-que-dicen-nuestros-clientes\/"},"modified":"2024-03-04T21:33:28","modified_gmt":"2024-03-04T20:33:28","slug":"lo-que-dicen-nuestros-clientes","status":"publish","type":"page","link":"https:\/\/volcancito.webdesign-projekte.ch\/es\/lo-que-dicen-nuestros-clientes\/","title":{"rendered":"Lo que dicen nuestros clientes"},"content":{"rendered":"<h2><img loading=\"lazy\" decoding=\"async\" class=\"size-medium wp-image-331 aligncenter\" src=\"https:\/\/volcancito.webdesign-projekte.ch\/wp-content\/uploads\/Volcancito_Catering_Ambiente-min-300x200.jpg\" alt=\"\" width=\"300\" height=\"200\" srcset=\"https:\/\/volcancito.webdesign-projekte.ch\/wp-content\/uploads\/Volcancito_Catering_Ambiente-min-300x200.jpg 300w, https:\/\/volcancito.webdesign-projekte.ch\/wp-content\/uploads\/Volcancito_Catering_Ambiente-min-100x67.jpg 100w, https:\/\/volcancito.webdesign-projekte.ch\/wp-content\/uploads\/Volcancito_Catering_Ambiente-min-864x576.jpg 864w, https:\/\/volcancito.webdesign-projekte.ch\/wp-content\/uploads\/Volcancito_Catering_Ambiente-min.jpg 1000w\" sizes=\"auto, (max-width: 300px) 100vw, 300px\" \/><\/h2>\n<p><em>\u00abGracias a t\u00ed! Las pupusas fueron deliciosas! Con mucho gusto las recomanderemos a cualquier persona u organizaci\u00f3n en b\u00fasqueda de un servicio de catering aut\u00e9ntico.\u00bb &#8211; A.S., medico international schweiz, Z\u00fcrich<\/em><\/p>\n<p><em>\u00abMuch\u00edssimas gracias de nuevo por el estupendo catering, tanto nosotros como los invitados lo disfrutamos mucho. Todo fue realmente perfecto.\u00bb &#8211; J.L.F., Z\u00fcrich<\/em><\/p>\n<p><i>\u00ab\u00a1Maravillosa comida latinoamericana en mi cumplea\u00f1os! Un servicio estupendo, cort\u00e9s y atento. Tambi\u00e9n escuch\u00e9 muchos elogios de mis invitados sobre vuestras delicias. Gracias a ustedes, recordar\u00e9 este evento el resto de mi vida.\u00bb &#8211; F.W., Winterthur<\/i><\/p>\n<p><em>\u00abLa comida y el zumo de fruta sab\u00edan muy bien y tuvimos muchos empleados satisfechos.\u00bb &#8211; J.C.P., S. AG, Z\u00fcrich<br \/>\n<\/em><\/p>\n<p><em>\u00abFue una fiesta de cumplea\u00f1os maravillosa. Agradecemos a Rosalina por la comida muy rica, la perfecta organizaci\u00f3n y por la excelente atenci\u00f3n. El cumplea\u00f1ero y todos los invitados fueron entusiasmados. \u00a1Con mucho gusto otra vez!\u00bb &#8211; Diana Baumann, Winterthur<br \/>\n<\/em><\/p>\n<p><em>\u00abMuchas gracias por la estupenda comida y el buen ambiente, que fue casi familiar. Recibimos much\u00edssimos elogios, tambi\u00e9n porque para la mayor\u00eda de los invitados una parte de las excelentes comidas fueron algo nuevo que nunca han probado.\u00bb &#8211; Nicole R\u00fcti y Aleks Ruzicic, K\u00fcsnacht<\/em><\/p>\n<p><em>\u00abQuiero darte las gracias una vez m\u00e1s por el magn\u00edfico servicio y la exquisita comida. Tu estilo cordial, amable y abierto nos ha encantado a todos\u00bb. \u2013 Doris Wenk, Kesswil<\/em><\/p>\n<p><em>\u00ab\u00bfLas pupusas? \u00a1Oh, las pupusas! \u00a1Nuestros invitados quedaron absolutamente entusiasmados!\u00bb \u2013 Corina S., Thalwil<\/em><\/p>\n<p><em>\u00abUna comida exquisita y un ambiente magn\u00edfico: \u00a1muchas gracias a Rosalina y a su equipo!\u00bb \u2013 Hans M., Eidberg<\/em><\/p>\n<p><em>\u00ab\u00a1Muchas gracias por la atenci\u00f3n tan estupenda y la comida tan exquisita! Todos quedamos muy satisfechos, y para la pr\u00f3xima ocasi\u00f3n seguro que volveremos a llamarte\u00bb. \u2013 Carlo Bianchi, Synaxis AG, Winterthur<\/em><\/p>\n<p><em>\u00abFue como hacer un peque\u00f1o viaje por Sudam\u00e9rica\u00bb. \u2013 Dora H., Z\u00farich<\/em><\/p>\n<p><em>\u00abRosalina y todo su equipo estuvieron sensacionales\u00bb. \u2013 Sandra E., Zug<\/em><\/p>\n<p><em>\u00abAut\u00e9nticos, simp\u00e1ticos y sin complicaciones: \u00a1repetiremos!\u00bb \u2013 Franziska M., Islikon<\/em><\/p>\n<p><em>\u00abUna comida exquisita, con una relaci\u00f3n calidad-precio convincente. Un servicio excelente. \u00a1Muy recomendable!\u00bb \u2013 Miglenia P., Winterthur<\/em><\/p>\n<p><img loading=\"lazy\" decoding=\"async\" class=\"size-medium wp-image-345 aligncenter\" src=\"https:\/\/volcancito.webdesign-projekte.ch\/wp-content\/uploads\/Volcancito_Catering_Nachos_Guacamole-min-300x300.jpg\" alt=\"\" width=\"300\" height=\"300\" srcset=\"https:\/\/volcancito.webdesign-projekte.ch\/wp-content\/uploads\/Volcancito_Catering_Nachos_Guacamole-min-300x300.jpg 300w, https:\/\/volcancito.webdesign-projekte.ch\/wp-content\/uploads\/Volcancito_Catering_Nachos_Guacamole-min-150x150.jpg 150w, https:\/\/volcancito.webdesign-projekte.ch\/wp-content\/uploads\/Volcancito_Catering_Nachos_Guacamole-min-100x100.jpg 100w, https:\/\/volcancito.webdesign-projekte.ch\/wp-content\/uploads\/Volcancito_Catering_Nachos_Guacamole-min-864x863.jpg 864w, https:\/\/volcancito.webdesign-projekte.ch\/wp-content\/uploads\/Volcancito_Catering_Nachos_Guacamole-min.jpg 1000w\" sizes=\"auto, (max-width: 300px) 100vw, 300px\" \/><\/p>\n","protected":false},"excerpt":{"rendered":"<p>\u00abGracias a t\u00ed! Las pupusas fueron deliciosas! Con mucho gusto las recomanderemos a cualquier persona u organizaci\u00f3n en b\u00fasqueda de un servicio de catering aut\u00e9ntico.\u00bb &#8211; A.S., medico international schweiz, Z\u00fcrich \u00abMuch\u00edssimas gracias de nuevo por el estupendo catering, tanto nosotros como los invitados lo disfrutamos mucho. Todo fue realmente perfecto.\u00bb &#8211; J.L.F., Z\u00fcrich \u00ab\u00a1Maravillosa &#8230; <a title=\"Lo que dicen nuestros clientes\" class=\"read-more\" href=\"https:\/\/volcancito.webdesign-projekte.ch\/es\/lo-que-dicen-nuestros-clientes\/\" aria-label=\"Leer m\u00e1s sobre Lo que dicen nuestros clientes\">Leer m\u00e1s<\/a><\/p>\n","protected":false},"author":2,"featured_media":0,"parent":0,"menu_order":0,"comment_status":"closed","ping_status":"closed","template":"","meta":{"footnotes":""},"class_list":["post-529","page","type-page","status-publish"],"_links":{"self":[{"href":"https:\/\/volcancito.webdesign-projekte.ch\/es\/wp-json\/wp\/v2\/pages\/529","targetHints":{"allow":["GET"]}}],"collection":[{"href":"https:\/\/volcancito.webdesign-projekte.ch\/es\/wp-json\/wp\/v2\/pages"}],"about":[{"href":"https:\/\/volcancito.webdesign-projekte.ch\/es\/wp-json\/wp\/v2\/types\/page"}],"author":[{"embeddable":true,"href":"https:\/\/volcancito.webdesign-projekte.ch\/es\/wp-json\/wp\/v2\/users\/2"}],"replies":[{"embeddable":true,"href":"https:\/\/volcancito.webdesign-projekte.ch\/es\/wp-json\/wp\/v2\/comments?post=529"}],"version-history":[{"count":6,"href":"https:\/\/volcancito.webdesign-projekte.ch\/es\/wp-json\/wp\/v2\/pages\/529\/revisions"}],"predecessor-version":[{"id":949,"href":"https:\/\/volcancito.webdesign-projekte.ch\/es\/wp-json\/wp\/v2\/pages\/529\/revisions\/949"}],"wp:attachment":[{"href":"https:\/\/volcancito.webdesign-projekte.ch\/es\/wp-json\/wp\/v2\/media?parent=529"}],"curies":[{"name":"wp","href":"https:\/\/api.w.org\/{rel}","templated":true}]}}