{"id":537,"date":"2018-08-05T11:12:17","date_gmt":"2018-08-05T09:12:17","guid":{"rendered":"https:\/\/volcancito.webdesign-projekte.ch\/empanadas\/"},"modified":"2019-02-03T17:46:55","modified_gmt":"2019-02-03T16:46:55","slug":"empanadas","status":"publish","type":"page","link":"https:\/\/volcancito.webdesign-projekte.ch\/es\/menuekarte\/empanadas\/","title":{"rendered":"Empanadas"},"content":{"rendered":"<p>Son ideales como peque\u00f1o aperitivo a cualquier hora, sientan de maravilla tambi\u00e9n a la hora del aperitivo, y entusiasman a los invitados como entrem\u00e9s. Las crujientes empanadas han llegado para quedarse definitivamente en el coraz\u00f3n de los suizos amantes de la buena comida. Pero empecemos por el principio: las empanadas son masas rellenas que se adornan con gran esmero en muchos pa\u00edses de Latinoam\u00e9rica. La masa, el contenido, la preparaci\u00f3n e incluso los nombres var\u00edan mucho en cada regi\u00f3n. Las empanadas, o pasteles, se pueden preparar de harina de trigo o de ma\u00edz, y hornearse o fre\u00edrse. En cuanto al contenido, en teor\u00eda todo vale, pero los ingredientes favoritos para el paladar latinoamericano son las verduras, el queso, la ternera y el pollo.<\/p>\n<p><a href=\"https:\/\/volcancito.webdesign-projekte.ch\/wp-content\/uploads\/Empanada_Fleisch_de_web.jpg\" target=\"_blank\" rel=\"noopener\"><img loading=\"lazy\" decoding=\"async\" class=\"aligncenter wp-image-355\" src=\"https:\/\/volcancito.webdesign-projekte.ch\/wp-content\/uploads\/Empanada_Fleisch_de_web-247x300.jpg\" alt=\"\" width=\"316\" height=\"384\" srcset=\"https:\/\/volcancito.webdesign-projekte.ch\/wp-content\/uploads\/Empanada_Fleisch_de_web-247x300.jpg 247w, https:\/\/volcancito.webdesign-projekte.ch\/wp-content\/uploads\/Empanada_Fleisch_de_web-100x122.jpg 100w, https:\/\/volcancito.webdesign-projekte.ch\/wp-content\/uploads\/Empanada_Fleisch_de_web.jpg 800w\" sizes=\"auto, (max-width: 316px) 100vw, 316px\" \/><\/a><\/p>\n<p>El Volcancito tiene como exigencia ofrecer las empanadas m\u00e1s exquisitas a gusto del cliente. As\u00ed, adem\u00e1s de la habitual harina de trigo, tambi\u00e9n podemos utilizar harina de ma\u00edz. Dependiendo de la masa y del relleno, podemos ofrecerle empanadas sin gluten, sin lactosa, vegetarianas o veganas. Tambi\u00e9n somos muy flexibles en la preparaci\u00f3n, y proporcionamos nuestras empanadas reci\u00e9n salidas del horno o como masa fresca para que usted mismo las hornee.<\/p>\n<p>Sin embargo, en lo referente a la calidad no tenemos la m\u00e1s m\u00ednima flexibilidad: solo trabajamos con distribuidores suizos reconocidos, y compramos todos nuestros ingredientes frescos. Al igual que todos los productos de El Volcancito, elaboramos nuestras propias empanadas, y nunca utilizamos conservadores ni colorantes.<\/p>\n<p>Y ahora llegamos al coraz\u00f3n de la empanada: el relleno. El Volcancito est\u00e1 especializado en recetas originales especiadas y exquisitas, y ofrece, como variantes, verduras, queso, pollo y ternera. Todo aquel que las ha probados sabe que el aroma de una empanada reci\u00e9n horneada despierta el apetito de los invitados. Estas delicias calientes y crujientes desaparecen de las bandejas en un abrir y cerrar de ojos como por arte de magia.<\/p>\n<p>\u00bfLe apetece algo m\u00e1s? Lea nuestro <a href=\"https:\/\/volcancito.webdesign-projekte.ch\/es\/menuekarte\/\">men\u00fa<\/a> o p\u00f3ngase <a href=\"https:\/\/volcancito.webdesign-projekte.ch\/es\/contacto\/\">en contacto<\/a> con nosotros.<\/p>\n<p><em><strong>NOVEDAD: Recoja en Winterthur sus empanadas congeladas o reci\u00e9n horneadas, y disfr\u00fatelas en casa.<br \/>\n<a href=\"https:\/\/volcancito.webdesign-projekte.ch\/es\/contacto\/\">Cons\u00faltenos<\/a> sin compromiso.<\/strong><\/em><\/p>\n<p><a href=\"https:\/\/volcancito.webdesign-projekte.ch\/wp-content\/uploads\/Empanadas-1.jpg\"><img loading=\"lazy\" decoding=\"async\" class=\"size-medium wp-image-833 aligncenter\" src=\"https:\/\/volcancito.webdesign-projekte.ch\/wp-content\/uploads\/Empanadas-1-300x200.jpg\" alt=\"\" width=\"300\" height=\"200\" srcset=\"https:\/\/volcancito.webdesign-projekte.ch\/wp-content\/uploads\/Empanadas-1-300x200.jpg 300w, https:\/\/volcancito.webdesign-projekte.ch\/wp-content\/uploads\/Empanadas-1-100x67.jpg 100w, https:\/\/volcancito.webdesign-projekte.ch\/wp-content\/uploads\/Empanadas-1-864x575.jpg 864w, https:\/\/volcancito.webdesign-projekte.ch\/wp-content\/uploads\/Empanadas-1.jpg 1000w\" sizes=\"auto, (max-width: 300px) 100vw, 300px\" \/><\/a><\/p>\n","protected":false},"excerpt":{"rendered":"<p>Son ideales como peque\u00f1o aperitivo a cualquier hora, sientan de maravilla tambi\u00e9n a la hora del aperitivo, y entusiasman a los invitados como entrem\u00e9s. Las crujientes empanadas han llegado para quedarse definitivamente en el coraz\u00f3n de los suizos amantes de la buena comida. Pero empecemos por el principio: las empanadas son masas rellenas que se &#8230; <a title=\"Empanadas\" class=\"read-more\" href=\"https:\/\/volcancito.webdesign-projekte.ch\/es\/menuekarte\/empanadas\/\" aria-label=\"Leer m\u00e1s sobre Empanadas\">Leer m\u00e1s<\/a><\/p>\n","protected":false},"author":2,"featured_media":0,"parent":542,"menu_order":0,"comment_status":"closed","ping_status":"closed","template":"","meta":{"footnotes":""},"class_list":["post-537","page","type-page","status-publish"],"_links":{"self":[{"href":"https:\/\/volcancito.webdesign-projekte.ch\/es\/wp-json\/wp\/v2\/pages\/537","targetHints":{"allow":["GET"]}}],"collection":[{"href":"https:\/\/volcancito.webdesign-projekte.ch\/es\/wp-json\/wp\/v2\/pages"}],"about":[{"href":"https:\/\/volcancito.webdesign-projekte.ch\/es\/wp-json\/wp\/v2\/types\/page"}],"author":[{"embeddable":true,"href":"https:\/\/volcancito.webdesign-projekte.ch\/es\/wp-json\/wp\/v2\/users\/2"}],"replies":[{"embeddable":true,"href":"https:\/\/volcancito.webdesign-projekte.ch\/es\/wp-json\/wp\/v2\/comments?post=537"}],"version-history":[{"count":5,"href":"https:\/\/volcancito.webdesign-projekte.ch\/es\/wp-json\/wp\/v2\/pages\/537\/revisions"}],"predecessor-version":[{"id":858,"href":"https:\/\/volcancito.webdesign-projekte.ch\/es\/wp-json\/wp\/v2\/pages\/537\/revisions\/858"}],"up":[{"embeddable":true,"href":"https:\/\/volcancito.webdesign-projekte.ch\/es\/wp-json\/wp\/v2\/pages\/542"}],"wp:attachment":[{"href":"https:\/\/volcancito.webdesign-projekte.ch\/es\/wp-json\/wp\/v2\/media?parent=537"}],"curies":[{"name":"wp","href":"https:\/\/api.w.org\/{rel}","templated":true}]}}