{"id":539,"date":"2018-08-05T11:19:19","date_gmt":"2018-08-05T09:19:19","guid":{"rendered":"https:\/\/volcancito.webdesign-projekte.ch\/pupusa\/"},"modified":"2018-08-05T16:24:20","modified_gmt":"2018-08-05T14:24:20","slug":"pupusa","status":"publish","type":"page","link":"https:\/\/volcancito.webdesign-projekte.ch\/es\/menuekarte\/pupusa\/","title":{"rendered":"Pupusa"},"content":{"rendered":"<p>Las pupusas son tortillas de ma\u00edz redondas y rellenas que se asan a la plancha. Como guarnici\u00f3n hay ensalada de col (curtida) y una salsa de tomate con especias. En El Salvador, pa\u00eds de origen de las pupusas, no se concibe la vida sin esta comida. Se pueden comprar pupusas en cualquier esquina y a cualquier hora del d\u00eda o de la noche. Debido a la gran popularidad del platillo nacional, en 2005 se le dedic\u00f3 por ley un d\u00eda especial a este platillo (el D\u00eda Nacional de las Pupusas). Pero no solo hay pupusas en El Salvador, sino tambi\u00e9n en los pa\u00edses vecinos de Centroam\u00e9rica y en Estados Unidos, donde su comunidad de entusiastas crece constantemente.<\/p>\n<p><img loading=\"lazy\" decoding=\"async\" class=\" wp-image-214 aligncenter\" src=\"https:\/\/volcancito.webdesign-projekte.ch\/wp-content\/uploads\/PUPUSA-MIXTA.gif\" alt=\"\" width=\"458\" height=\"560\" \/><\/p>\n<p>Y gracias a El Volcancito, estas delicias redondas ahora tambi\u00e9n pueden encontrarse en Suiza. La pupusa m\u00e1s popular es la mixta, rellena de carne, frijoles refritos y queso. Los tres ingredientes se preparan por separado y contienen diferentes verduras y especias. \u00bfLa receta? \u00a1Es un secreto! Solo podemos decir que El Volcancito emplea \u00fanicamente carne y verduras de proveedores suizos de renombre, y que las pupusas se elaboran en Suiza.<\/p>\n<p>Adem\u00e1s de la mixta, El Volcancito Catering tambi\u00e9n ofrece pupusas con relleno de queso. Para los amantes de la comida picante, El Volcancito incluye en su surtido el relleno de queso, calabacines y chile. Y en primavera ofrecemos una variante exclusiva de Suiza: la pupusa de queso y ajo de oso. Para los veganos hay pupusa con frijoles refritos.<\/p>\n<p>Conviene saber que las pupusas no llevan gluten, son muy digestivas, y a los ni\u00f1os les encantan. Las pupusas se asan justo antes de comerse: usted puede mirar c\u00f3mo se hacen, y seguro que no se aburrir\u00e1. Para ello, El Volcancito utiliza su propia plancha redonda. Al prepararse directamente en el lugar, se garantiza que est\u00e9n reci\u00e9n cocinadas, calientes y crujientes. Muchos invitados se comen la primera pupusa por curiosidad, la segunda porque tienen ganas de m\u00e1s, y la tercera, de puro placer.<\/p>\n<p>Pero \u00bfcu\u00e1l es el motivo por el que las pupusas tienen tanta aceptaci\u00f3n? La crujiente cubierta de ma\u00edz constituye la base perfecta para la intensa experiencia de sabor del relleno. La ensalada de col y la salsa de tomate le dan el toque final a esta delicia. \u00a1La combinaci\u00f3n perfecta!<\/p>\n<p><strong>\u00bfLe apetece algo m\u00e1s? Aqu\u00ed tiene nuestro <a href=\"https:\/\/volcancito.webdesign-projekte.ch\/es\/menuekarte\/\">men\u00fa<\/a>.<\/strong><\/p>\n<p><img loading=\"lazy\" decoding=\"async\" class=\" wp-image-161 aligncenter\" src=\"https:\/\/volcancito.webdesign-projekte.ch\/wp-content\/uploads\/DSCN1614-300x225.jpg\" alt=\"\" width=\"400\" height=\"300\" srcset=\"https:\/\/volcancito.webdesign-projekte.ch\/wp-content\/uploads\/DSCN1614-300x225.jpg 300w, https:\/\/volcancito.webdesign-projekte.ch\/wp-content\/uploads\/DSCN1614-100x75.jpg 100w, https:\/\/volcancito.webdesign-projekte.ch\/wp-content\/uploads\/DSCN1614-864x648.jpg 864w, https:\/\/volcancito.webdesign-projekte.ch\/wp-content\/uploads\/DSCN1614.jpg 1000w\" sizes=\"auto, (max-width: 400px) 100vw, 400px\" \/><\/p>\n<p>&nbsp;<\/p>\n<p><img loading=\"lazy\" decoding=\"async\" class=\" wp-image-217 aligncenter\" src=\"https:\/\/volcancito.webdesign-projekte.ch\/wp-content\/uploads\/PUPUSA-queso-zucchetti-y-chili-klein-min-245x300.jpg\" alt=\"\" width=\"400\" height=\"490\" srcset=\"https:\/\/volcancito.webdesign-projekte.ch\/wp-content\/uploads\/PUPUSA-queso-zucchetti-y-chili-klein-min-245x300.jpg 245w, https:\/\/volcancito.webdesign-projekte.ch\/wp-content\/uploads\/PUPUSA-queso-zucchetti-y-chili-klein-min-100x122.jpg 100w, https:\/\/volcancito.webdesign-projekte.ch\/wp-content\/uploads\/PUPUSA-queso-zucchetti-y-chili-klein-min.jpg 377w\" sizes=\"auto, (max-width: 400px) 100vw, 400px\" \/><\/p>\n<p>&nbsp;<\/p>\n<p><img loading=\"lazy\" decoding=\"async\" class=\" wp-image-216 aligncenter\" src=\"https:\/\/volcancito.webdesign-projekte.ch\/wp-content\/uploads\/PUPUSA-queso-klein-min-245x300.jpg\" alt=\"\" width=\"400\" height=\"489\" srcset=\"https:\/\/volcancito.webdesign-projekte.ch\/wp-content\/uploads\/PUPUSA-queso-klein-min-245x300.jpg 245w, https:\/\/volcancito.webdesign-projekte.ch\/wp-content\/uploads\/PUPUSA-queso-klein-min-100x122.jpg 100w, https:\/\/volcancito.webdesign-projekte.ch\/wp-content\/uploads\/PUPUSA-queso-klein-min.jpg 377w\" sizes=\"auto, (max-width: 400px) 100vw, 400px\" \/><\/p>\n<p>NOVEDAD: Recoja en Winterthur sus empanadas fritas o congeladas y disfr\u00fatelas en casa.<br \/>\n<em><strong><a href=\"https:\/\/volcancito.webdesign-projekte.ch\/es\/contacto\/\">Cons\u00faltenos<\/a> sin compromiso.<\/strong><\/em><\/p>\n","protected":false},"excerpt":{"rendered":"<p>Las pupusas son tortillas de ma\u00edz redondas y rellenas que se asan a la plancha. Como guarnici\u00f3n hay ensalada de col (curtida) y una salsa de tomate con especias. En El Salvador, pa\u00eds de origen de las pupusas, no se concibe la vida sin esta comida. Se pueden comprar pupusas en cualquier esquina y a &#8230; <a title=\"Pupusa\" class=\"read-more\" href=\"https:\/\/volcancito.webdesign-projekte.ch\/es\/menuekarte\/pupusa\/\" aria-label=\"Leer m\u00e1s sobre Pupusa\">Leer m\u00e1s<\/a><\/p>\n","protected":false},"author":2,"featured_media":0,"parent":542,"menu_order":0,"comment_status":"closed","ping_status":"closed","template":"","meta":{"footnotes":""},"class_list":["post-539","page","type-page","status-publish"],"_links":{"self":[{"href":"https:\/\/volcancito.webdesign-projekte.ch\/es\/wp-json\/wp\/v2\/pages\/539","targetHints":{"allow":["GET"]}}],"collection":[{"href":"https:\/\/volcancito.webdesign-projekte.ch\/es\/wp-json\/wp\/v2\/pages"}],"about":[{"href":"https:\/\/volcancito.webdesign-projekte.ch\/es\/wp-json\/wp\/v2\/types\/page"}],"author":[{"embeddable":true,"href":"https:\/\/volcancito.webdesign-projekte.ch\/es\/wp-json\/wp\/v2\/users\/2"}],"replies":[{"embeddable":true,"href":"https:\/\/volcancito.webdesign-projekte.ch\/es\/wp-json\/wp\/v2\/comments?post=539"}],"version-history":[{"count":4,"href":"https:\/\/volcancito.webdesign-projekte.ch\/es\/wp-json\/wp\/v2\/pages\/539\/revisions"}],"predecessor-version":[{"id":621,"href":"https:\/\/volcancito.webdesign-projekte.ch\/es\/wp-json\/wp\/v2\/pages\/539\/revisions\/621"}],"up":[{"embeddable":true,"href":"https:\/\/volcancito.webdesign-projekte.ch\/es\/wp-json\/wp\/v2\/pages\/542"}],"wp:attachment":[{"href":"https:\/\/volcancito.webdesign-projekte.ch\/es\/wp-json\/wp\/v2\/media?parent=539"}],"curies":[{"name":"wp","href":"https:\/\/api.w.org\/{rel}","templated":true}]}}