{"id":542,"date":"2018-08-05T11:34:46","date_gmt":"2018-08-05T09:34:46","guid":{"rendered":"https:\/\/volcancito.webdesign-projekte.ch\/menuekarte\/"},"modified":"2019-02-04T20:27:03","modified_gmt":"2019-02-04T19:27:03","slug":"menuekarte","status":"publish","type":"page","link":"https:\/\/volcancito.webdesign-projekte.ch\/es\/menuekarte\/","title":{"rendered":"Carta de men\u00fa"},"content":{"rendered":"<h2>De nuestro Men\u00fa<\/h2>\n<p><strong><em>APERITIVO<br \/>\n<\/em><\/strong><a href=\"https:\/\/volcancito.webdesign-projekte.ch\/es\/menuekarte\/guacamole-y-nachos\/\">Guacamole<\/a> casero reci\u00e9n hecho con nachos<br \/>\nEmpanadas<br \/>\nEnchilada<\/p>\n<p><a href=\"https:\/\/volcancito.webdesign-projekte.ch\/es\/menuekarte\/empanadas\/\"><strong><em>EMPANADAS<\/em><\/strong><\/a><br \/>\nMasa rellena con verduras, queso o ternera<\/p>\n<p><em><strong>FAJITAS<br \/>\n<\/strong><\/em>Tortillas de ma\u00edz o de trigo rellenas de frijoles, guacamole, verduras variadas y carne o soya<\/p>\n<p><em><strong>TACOS<br \/>\n<\/strong><\/em>Peque\u00f1as tortitas de ma\u00edz rellenas de papas y pollo o queso<\/p>\n<p><em><strong>PINCHOS<br \/>\n<\/strong><\/em>Pinchos especiados al grill con verduras y camarones o carne<\/p>\n<p><em><strong>ELOTES<br \/>\n<\/strong><\/em>Mazorcas de ma\u00edz al grill o cocidas<\/p>\n<p><em><strong>TAMALES<br \/>\n<\/strong><\/em>Masa de ma\u00edz rellena de carne, verduras y salsa de tomate o de queso y espinaca; cocido en hojas de banano<\/p>\n<p><strong><em><a href=\"https:\/\/volcancito.webdesign-projekte.ch\/es\/menuekarte\/pupusa\/\">PUPUSA<\/a> CON QUESO<br \/>\n<\/em><\/strong>Pupusa con relleno de queso<br \/>\nPupusa con relleno de queso, calabac\u00edn y chile<\/p>\n<p><strong><em><a href=\"https:\/\/volcancito.webdesign-projekte.ch\/es\/menuekarte\/pupusa\/\">PUPUSA<\/a> MIXTA<br \/>\n<\/em><\/strong>Pupusa con relleno de carne, frijoles y queso<br \/>\nPupusa con relleno de frijoles y queso<br \/>\n<em>La pupusa se asa a la plancha y se sirve con ensalada de col y salsa de tomate (con o sin picante)<\/em><\/p>\n<p><em><strong>ENCHILADA SALVADORE\u00d1A\u00a0<\/strong>(TOSTADA)<br \/>\n<\/em>Peque\u00f1a tostada crujiente de ma\u00edz que en el buffet se rellena a gusto de cada invitado:<br \/>\nfrijoles refritos, guacamole, col, huevo y queso rallado<\/p>\n<p><em><strong>PLATOS DE TEMPORADA<br \/>\n<\/strong><\/em>Sopa de pollo campestre con tapioca, ma\u00edz y verduras<br \/>\nPavo relleno<br \/>\nPescados<\/p>\n<p><em><strong>POSTRE<br \/>\n<\/strong><\/em>Rollito con frutas de temporada, Ovomaltine o caf\u00e9 molido<br \/>\nPastel de queso con frutas de temporada<br \/>\nPastel de lim\u00f3n<br \/>\nTarta de queso fresco batido<\/p>\n<p><strong><em>BEBIDAS<br \/>\n<\/em><\/strong>Refresco (jugo con trozos de fruta, agua y az\u00facar)<br \/>\nLimonada (jugo de lima con agua y az\u00facar de ca\u00f1a)<br \/>\nFlor de Jamaica (t\u00e9 fr\u00edo de flores de Jamaica con az\u00facar)<br \/>\nJamaica con Chan (t\u00e9 fr\u00edo de flores de Jamaica con ch\u00eda y az\u00facar de ca\u00f1a)<br \/>\nCaf\u00e9 gourmet de El Salvador<\/p>\n<p><em><strong>Ver <a href=\"https:\/\/volcancito.webdesign-projekte.ch\/es\/fotos\/\" target=\"_blank\" rel=\"noopener\">fotos de la comida<\/a><\/strong><\/em><\/p>\n<p><strong>Para m\u00e1s informaci\u00f3n o una propuesta de men\u00fa, simplemente p\u00f3ngase <a href=\"https:\/\/volcancito.webdesign-projekte.ch\/es\/contacto\/\">en contacto<\/a> con nosotros.<\/strong><\/p>\n","protected":false},"excerpt":{"rendered":"<p>De nuestro Men\u00fa APERITIVO Guacamole casero reci\u00e9n hecho con nachos Empanadas Enchilada EMPANADAS Masa rellena con verduras, queso o ternera FAJITAS Tortillas de ma\u00edz o de trigo rellenas de frijoles, guacamole, verduras variadas y carne o soya TACOS Peque\u00f1as tortitas de ma\u00edz rellenas de papas y pollo o queso PINCHOS Pinchos especiados al grill con &#8230; <a title=\"Carta de men\u00fa\" class=\"read-more\" href=\"https:\/\/volcancito.webdesign-projekte.ch\/es\/menuekarte\/\" aria-label=\"Leer m\u00e1s sobre Carta de men\u00fa\">Leer m\u00e1s<\/a><\/p>\n","protected":false},"author":2,"featured_media":0,"parent":0,"menu_order":0,"comment_status":"closed","ping_status":"closed","template":"","meta":{"footnotes":""},"class_list":["post-542","page","type-page","status-publish"],"_links":{"self":[{"href":"https:\/\/volcancito.webdesign-projekte.ch\/es\/wp-json\/wp\/v2\/pages\/542","targetHints":{"allow":["GET"]}}],"collection":[{"href":"https:\/\/volcancito.webdesign-projekte.ch\/es\/wp-json\/wp\/v2\/pages"}],"about":[{"href":"https:\/\/volcancito.webdesign-projekte.ch\/es\/wp-json\/wp\/v2\/types\/page"}],"author":[{"embeddable":true,"href":"https:\/\/volcancito.webdesign-projekte.ch\/es\/wp-json\/wp\/v2\/users\/2"}],"replies":[{"embeddable":true,"href":"https:\/\/volcancito.webdesign-projekte.ch\/es\/wp-json\/wp\/v2\/comments?post=542"}],"version-history":[{"count":9,"href":"https:\/\/volcancito.webdesign-projekte.ch\/es\/wp-json\/wp\/v2\/pages\/542\/revisions"}],"predecessor-version":[{"id":913,"href":"https:\/\/volcancito.webdesign-projekte.ch\/es\/wp-json\/wp\/v2\/pages\/542\/revisions\/913"}],"wp:attachment":[{"href":"https:\/\/volcancito.webdesign-projekte.ch\/es\/wp-json\/wp\/v2\/media?parent=542"}],"curies":[{"name":"wp","href":"https:\/\/api.w.org\/{rel}","templated":true}]}}