{"id":544,"date":"2018-08-05T12:33:15","date_gmt":"2018-08-05T10:33:15","guid":{"rendered":"https:\/\/volcancito.webdesign-projekte.ch\/bienvenido\/"},"modified":"2019-02-03T19:07:00","modified_gmt":"2019-02-03T18:07:00","slug":"bienvenido","status":"publish","type":"page","link":"https:\/\/volcancito.webdesign-projekte.ch\/es\/","title":{"rendered":"\u00a1BIENVENIDO!"},"content":{"rendered":"<p><img loading=\"lazy\" decoding=\"async\" class=\"wp-image-277 aligncenter\" src=\"https:\/\/volcancito.webdesign-projekte.ch\/wp-content\/uploads\/DSC_4820klein.jpg\" alt=\"\" width=\"586\" height=\"390\" srcset=\"https:\/\/volcancito.webdesign-projekte.ch\/wp-content\/uploads\/DSC_4820klein.jpg 598w, https:\/\/volcancito.webdesign-projekte.ch\/wp-content\/uploads\/DSC_4820klein-300x200.jpg 300w, https:\/\/volcancito.webdesign-projekte.ch\/wp-content\/uploads\/DSC_4820klein-100x67.jpg 100w\" sizes=\"auto, (max-width: 586px) 100vw, 586px\" \/><\/p>\n<p>El Volcancito est\u00e1 activo desde 2015, y hace estallar todo un espect\u00e1culo pirot\u00e9cnico de especialidades latinoamericanas como tacos, tamales, enchiladas, pinchos o nachos con guacamole. \u00bfNuestras preferidas? Las <a href=\"https:\/\/volcancito.webdesign-projekte.ch\/es\/menuekarte\/pupusa\/\">pupusas<\/a>, crujientes tortillas asadas rellenas de El Salvador, y las <a href=\"https:\/\/volcancito.webdesign-projekte.ch\/es\/menuekarte\/empanadas\/\">empanadas<\/a> reci\u00e9n horneadas:<\/p>\n<p><img loading=\"lazy\" decoding=\"async\" class=\"size-medium wp-image-833 aligncenter\" src=\"https:\/\/volcancito.webdesign-projekte.ch\/wp-content\/uploads\/Empanadas-1-300x200.jpg\" alt=\"Volcancito Catering Empanada\" width=\"300\" height=\"200\" srcset=\"https:\/\/volcancito.webdesign-projekte.ch\/wp-content\/uploads\/Empanadas-1-300x200.jpg 300w, https:\/\/volcancito.webdesign-projekte.ch\/wp-content\/uploads\/Empanadas-1-100x67.jpg 100w, https:\/\/volcancito.webdesign-projekte.ch\/wp-content\/uploads\/Empanadas-1-864x575.jpg 864w, https:\/\/volcancito.webdesign-projekte.ch\/wp-content\/uploads\/Empanadas-1.jpg 1000w\" sizes=\"auto, (max-width: 300px) 100vw, 300px\" \/><\/p>\n<h2 style=\"text-align: center;\">El Sabor<\/h2>\n<p>Pasi\u00f3n por la aut\u00e9ntica cocina latinoamericana, hospitalidad y flexibilidad: esos son nuestros ingredientes. No nos limitamos a proporcionar comida, sino que ofrecemos una experiencia culinaria \u00fanica en aperitivos, eventos de empresas o fiestas de cumplea\u00f1os.<\/p>\n<h2><img loading=\"lazy\" decoding=\"async\" class=\"size-medium wp-image-836 aligncenter\" src=\"https:\/\/volcancito.webdesign-projekte.ch\/wp-content\/uploads\/Grillierter-Mais-236x300.jpg\" alt=\"\" width=\"236\" height=\"300\" srcset=\"https:\/\/volcancito.webdesign-projekte.ch\/wp-content\/uploads\/Grillierter-Mais-236x300.jpg 236w, https:\/\/volcancito.webdesign-projekte.ch\/wp-content\/uploads\/Grillierter-Mais-100x127.jpg 100w, https:\/\/volcancito.webdesign-projekte.ch\/wp-content\/uploads\/Grillierter-Mais.jpg 666w\" sizes=\"auto, (max-width: 236px) 100vw, 236px\" \/>El Ambiente<\/h2>\n<p>El Volcancito irradia alegr\u00eda y buen humor. Sus deliciosos aromas despiertan el apetito. Con solo probarlo, brillan los ojos. \u00bfHay algo mejor que un buen ambiente, una comida exquisita y unos invitados satisfechos?<\/p>\n<p style=\"text-align: center;\"><strong><em>Ver el <a href=\"https:\/\/volcancito.webdesign-projekte.ch\/es\/menuekarte\/\">men\u00fa<\/a> o <a href=\"https:\/\/volcancito.webdesign-projekte.ch\/es\/fotos\/\">fotos<\/a> \u2013 Solicitar <a href=\"https:\/\/volcancito.webdesign-projekte.ch\/es\/contacto\/\">oferta<\/a><\/em><\/strong><\/p>\n","protected":false},"excerpt":{"rendered":"<p>El Volcancito est\u00e1 activo desde 2015, y hace estallar todo un espect\u00e1culo pirot\u00e9cnico de especialidades latinoamericanas como tacos, tamales, enchiladas, pinchos o nachos con guacamole. \u00bfNuestras preferidas? Las pupusas, crujientes tortillas asadas rellenas de El Salvador, y las empanadas reci\u00e9n horneadas: El Sabor Pasi\u00f3n por la aut\u00e9ntica cocina latinoamericana, hospitalidad y flexibilidad: esos son nuestros &#8230; <a title=\"\u00a1BIENVENIDO!\" class=\"read-more\" href=\"https:\/\/volcancito.webdesign-projekte.ch\/es\/\" aria-label=\"Leer m\u00e1s sobre \u00a1BIENVENIDO!\">Leer m\u00e1s<\/a><\/p>\n","protected":false},"author":2,"featured_media":0,"parent":0,"menu_order":0,"comment_status":"closed","ping_status":"closed","template":"","meta":{"footnotes":""},"class_list":["post-544","page","type-page","status-publish"],"_links":{"self":[{"href":"https:\/\/volcancito.webdesign-projekte.ch\/es\/wp-json\/wp\/v2\/pages\/544","targetHints":{"allow":["GET"]}}],"collection":[{"href":"https:\/\/volcancito.webdesign-projekte.ch\/es\/wp-json\/wp\/v2\/pages"}],"about":[{"href":"https:\/\/volcancito.webdesign-projekte.ch\/es\/wp-json\/wp\/v2\/types\/page"}],"author":[{"embeddable":true,"href":"https:\/\/volcancito.webdesign-projekte.ch\/es\/wp-json\/wp\/v2\/users\/2"}],"replies":[{"embeddable":true,"href":"https:\/\/volcancito.webdesign-projekte.ch\/es\/wp-json\/wp\/v2\/comments?post=544"}],"version-history":[{"count":6,"href":"https:\/\/volcancito.webdesign-projekte.ch\/es\/wp-json\/wp\/v2\/pages\/544\/revisions"}],"predecessor-version":[{"id":903,"href":"https:\/\/volcancito.webdesign-projekte.ch\/es\/wp-json\/wp\/v2\/pages\/544\/revisions\/903"}],"wp:attachment":[{"href":"https:\/\/volcancito.webdesign-projekte.ch\/es\/wp-json\/wp\/v2\/media?parent=544"}],"curies":[{"name":"wp","href":"https:\/\/api.w.org\/{rel}","templated":true}]}}